{"id":294,"date":"2025-09-05T06:23:37","date_gmt":"2025-09-05T06:23:37","guid":{"rendered":"https:\/\/bockamp.com\/?page_id=294"},"modified":"2025-09-07T05:41:43","modified_gmt":"2025-09-07T05:41:43","slug":"galerie-und-ausstellungsvertraege-sicherheit-fuer-kunstschaffende-und-galerien","status":"publish","type":"page","link":"https:\/\/bockamp.com\/en\/galerie-und-ausstellungsvertraege-sicherheit-fuer-kunstschaffende-und-galerien\/","title":{"rendered":"Gallery and exhibition contracts - security for artists and galleries"},"content":{"rendered":"<div class=\"wp-block-group alignfull has-global-padding is-layout-constrained wp-block-group-is-layout-constrained\">\n<div class=\"wp-block-cover alignfull is-light has-parallax\" style=\"margin-top:0;min-height:529px;aspect-ratio:unset;\"><div class=\"wp-block-cover__image-background wp-image-306 size-full has-parallax\" style=\"background-position:50% 50%;background-image:url(https:\/\/bockamp.com\/wp-content\/uploads\/sites\/11\/2025\/09\/CAF2F17B-0951-42EF-8292-E52CA9315F5D_1_105_c.jpeg)\"><\/div><span aria-hidden=\"true\" class=\"wp-block-cover__background has-black-background-color has-background-dim-0 has-background-dim\"><\/span><div class=\"wp-block-cover__inner-container has-global-padding is-layout-constrained wp-block-cover-is-layout-constrained\">\n<div style=\"height:50px\" aria-hidden=\"true\" class=\"wp-block-spacer\"><\/div>\n<\/div><\/div>\n<\/div>\n\n\n\n<h1 class=\"wp-block-heading\">Gallery and exhibition contracts - security for artists and galleries<\/h1>\n\n\n\n<p>Cooperation between artists and galleries thrives on mutual trust: Artists expect a professional presentation and marketing of their works, galleries invest time, space and money in exhibitions, advertising and customer contacts. In order for both sides to work together successfully in the long term, clear agreements are needed.<\/p>\n\n\n\n<p>A gallery contract or exhibition contract regulates the rights and obligations:<\/p>\n\n\n\n<ul class=\"wp-block-list\">\n<li><strong>Which works<\/strong>&nbsp;are exhibited or distributed?<\/li>\n\n\n\n<li><strong>Which tasks<\/strong>&nbsp;does the gallery take over - from exhibition and storage to catalogs and public relations?<\/li>\n\n\n\n<li><strong>How the sale is organized<\/strong>&nbsp;- on a commission basis, with option rights or exclusively?<\/li>\n\n\n\n<li><strong>What remuneration<\/strong>&nbsp;is the artist entitled to and what commission does the gallery receive?<\/li>\n\n\n\n<li><strong>Which copyright rules<\/strong>&nbsp;apply, for example in the case of reproductions or online presentations?<\/li>\n<\/ul>\n\n\n\n<p>Well-drafted contracts create legal certainty, avoid conflicts and give both sides the freedom to concentrate on the essentials: the art and its communication to an audience.<\/p>\n\n\n\n<h2 class=\"wp-block-heading\"><strong><em>For practical use: <\/em>Sample contract and checklist as a guide<\/strong><\/h2>\n\n\n\n<p>In order to answer the content-related questions of collaboration between artists and galleries <strong>tangible<\/strong> you will find a sample gallery contract below. It shows how the key legal points - from remuneration and copyrights to duration and exclusivity - can be set out in a written agreement.<\/p>\n\n\n\n<p>Since <strong>Each individual case has special requirements<\/strong> entails, <strong>this sample does not replace individual advice<\/strong>. <\/p>\n\n\n\n<p>A checklist is therefore also used for the practical preparation of concluding a contract. It helps you to systematically go through the relevant aspects and make the necessary decisions for the specific contract.<\/p>\n\n\n\n<div class=\"wp-block-columns is-layout-flex wp-container-core-columns-is-layout-28f84493 wp-block-columns-is-layout-flex\">\n<div class=\"wp-block-column is-layout-flow wp-block-column-is-layout-flow\">\n<h3 class=\"wp-block-heading\">Sample contract (German) <\/h3>\n\n\n\n<figure class=\"wp-block-image size-large\"><img loading=\"lazy\" decoding=\"async\" width=\"726\" height=\"1024\" src=\"https:\/\/bockamp.com\/wp-content\/uploads\/sites\/11\/2025\/09\/Bildschirmfoto-2025-09-05-um-08.06.38-726x1024.png\" alt=\"\" class=\"wp-image-298\" srcset=\"https:\/\/bockamp.com\/wp-content\/uploads\/sites\/11\/2025\/09\/Bildschirmfoto-2025-09-05-um-08.06.38-726x1024.png 726w, https:\/\/bockamp.com\/wp-content\/uploads\/sites\/11\/2025\/09\/Bildschirmfoto-2025-09-05-um-08.06.38-213x300.png 213w, https:\/\/bockamp.com\/wp-content\/uploads\/sites\/11\/2025\/09\/Bildschirmfoto-2025-09-05-um-08.06.38-768x1083.png 768w, https:\/\/bockamp.com\/wp-content\/uploads\/sites\/11\/2025\/09\/Bildschirmfoto-2025-09-05-um-08.06.38-1090x1536.png 1090w, https:\/\/bockamp.com\/wp-content\/uploads\/sites\/11\/2025\/09\/Bildschirmfoto-2025-09-05-um-08.06.38-9x12.png 9w, https:\/\/bockamp.com\/wp-content\/uploads\/sites\/11\/2025\/09\/Bildschirmfoto-2025-09-05-um-08.06.38.png 1196w\" sizes=\"auto, (max-width: 726px) 100vw, 726px\" \/><\/figure>\n\n\n\n<div class=\"wp-block-buttons is-content-justification-center is-layout-flex wp-container-core-buttons-is-layout-a89b3969 wp-block-buttons-is-layout-flex\">\n<div class=\"wp-block-button has-custom-width wp-block-button__width-100\"><a class=\"wp-block-button__link has-small-font-size has-custom-font-size wp-element-button\" href=\"https:\/\/bockamp.com\/wp-content\/uploads\/sites\/11\/2025\/09\/Muster-Galerievertrag.odt\">Sample contract as .odt<\/a><\/div>\n<\/div>\n\n\n\n<div class=\"wp-block-buttons is-content-justification-center is-layout-flex wp-container-core-buttons-is-layout-a89b3969 wp-block-buttons-is-layout-flex\">\n<div class=\"wp-block-button has-custom-width wp-block-button__width-100\"><a class=\"wp-block-button__link has-small-font-size has-custom-font-size wp-element-button\" href=\"https:\/\/bockamp.com\/wp-content\/uploads\/sites\/11\/2025\/09\/Muster-Galerievertrag.docx\">Sample contract as .DOCX<\/a><\/div>\n<\/div>\n<\/div>\n\n\n\n<div class=\"wp-block-column is-layout-flow wp-block-column-is-layout-flow\">\n<h3 class=\"wp-block-heading\">Checklist (German)<\/h3>\n\n\n\n<figure class=\"wp-block-image size-large\"><img loading=\"lazy\" decoding=\"async\" width=\"724\" height=\"1024\" src=\"https:\/\/bockamp.com\/wp-content\/uploads\/sites\/11\/2025\/09\/Bildschirmfoto-2025-09-05-um-08.08.37-724x1024.png\" alt=\"\" class=\"wp-image-299\" srcset=\"https:\/\/bockamp.com\/wp-content\/uploads\/sites\/11\/2025\/09\/Bildschirmfoto-2025-09-05-um-08.08.37-724x1024.png 724w, https:\/\/bockamp.com\/wp-content\/uploads\/sites\/11\/2025\/09\/Bildschirmfoto-2025-09-05-um-08.08.37-212x300.png 212w, https:\/\/bockamp.com\/wp-content\/uploads\/sites\/11\/2025\/09\/Bildschirmfoto-2025-09-05-um-08.08.37-768x1086.png 768w, https:\/\/bockamp.com\/wp-content\/uploads\/sites\/11\/2025\/09\/Bildschirmfoto-2025-09-05-um-08.08.37-1086x1536.png 1086w, https:\/\/bockamp.com\/wp-content\/uploads\/sites\/11\/2025\/09\/Bildschirmfoto-2025-09-05-um-08.08.37-8x12.png 8w, https:\/\/bockamp.com\/wp-content\/uploads\/sites\/11\/2025\/09\/Bildschirmfoto-2025-09-05-um-08.08.37.png 1194w\" sizes=\"auto, (max-width: 724px) 100vw, 724px\" \/><\/figure>\n\n\n\n<div class=\"wp-block-buttons is-content-justification-center is-layout-flex wp-container-core-buttons-is-layout-a89b3969 wp-block-buttons-is-layout-flex\">\n<div class=\"wp-block-button has-custom-width wp-block-button__width-100 is-style-fill\"><a class=\"wp-block-button__link has-small-font-size has-custom-font-size wp-element-button\" href=\"https:\/\/bockamp.com\/wp-content\/uploads\/sites\/11\/2025\/09\/Checkliste-Galerievertrag.pdf\">Download as .PDF<\/a><\/div>\n<\/div>\n<\/div>\n<\/div>\n\n\n\n<p><\/p>","protected":false},"excerpt":{"rendered":"<p>Galerie- und Ausstellungsvertr\u00e4ge \u2013 Sicherheit f\u00fcr Kunstschaffende und Galerien Die Zusammenarbeit zwischen K\u00fcnstlern und Galerien lebt vom gegenseitigen Vertrauen: K\u00fcnstler erwarten eine professionelle Pr\u00e4sentation und Vermarktung ihrer Werke, Galerien investieren Zeit, R\u00e4ume und Geld in Ausstellungen, Werbung und Kundenkontakte. Damit beide Seiten langfristig erfolgreich zusammenarbeiten k\u00f6nnen, braucht es klare Vereinbarungen. Ein Galerievertrag oder Ausstellungsvertrag regelt [&hellip;]<\/p>\n","protected":false},"author":1,"featured_media":0,"parent":0,"menu_order":0,"comment_status":"closed","ping_status":"closed","template":"","meta":{"footnotes":""},"class_list":["post-294","page","type-page","status-publish","hentry"],"yoast_head":"<!-- This site is optimized with the Yoast SEO plugin v26.2 - https:\/\/yoast.com\/wordpress\/plugins\/seo\/ -->\n<title>Galerie- und Ausstellungsvertr\u00e4ge \u2013 Sicherheit f\u00fcr Kunstschaffende und Galerien - Bockamp-at-law<\/title>\n<meta name=\"robots\" content=\"index, follow, max-snippet:-1, max-image-preview:large, max-video-preview:-1\" \/>\n<link rel=\"canonical\" href=\"https:\/\/bockamp.com\/en\/galerie-und-ausstellungsvertraege-sicherheit-fuer-kunstschaffende-und-galerien\/\" \/>\n<meta property=\"og:locale\" content=\"en_US\" \/>\n<meta property=\"og:type\" content=\"article\" \/>\n<meta property=\"og:title\" content=\"Galerie- und Ausstellungsvertr\u00e4ge \u2013 Sicherheit f\u00fcr Kunstschaffende und Galerien - Bockamp-at-law\" \/>\n<meta property=\"og:description\" content=\"Galerie- und Ausstellungsvertr\u00e4ge \u2013 Sicherheit f\u00fcr Kunstschaffende und Galerien Die Zusammenarbeit zwischen K\u00fcnstlern und Galerien lebt vom gegenseitigen Vertrauen: K\u00fcnstler erwarten eine professionelle Pr\u00e4sentation und Vermarktung ihrer Werke, Galerien investieren Zeit, R\u00e4ume und Geld in Ausstellungen, Werbung und Kundenkontakte. Damit beide Seiten langfristig erfolgreich zusammenarbeiten k\u00f6nnen, braucht es klare Vereinbarungen. Ein Galerievertrag oder Ausstellungsvertrag regelt [&hellip;]\" \/>\n<meta property=\"og:url\" content=\"https:\/\/bockamp.com\/en\/galerie-und-ausstellungsvertraege-sicherheit-fuer-kunstschaffende-und-galerien\/\" \/>\n<meta property=\"og:site_name\" content=\"Bockamp-at-law\" \/>\n<meta property=\"article:modified_time\" content=\"2025-09-07T05:41:43+00:00\" \/>\n<meta property=\"og:image\" content=\"https:\/\/bockamp.com\/wp-content\/uploads\/sites\/11\/2025\/09\/Bildschirmfoto-2025-09-05-um-08.06.38.png\" \/>\n\t<meta property=\"og:image:width\" content=\"1196\" \/>\n\t<meta property=\"og:image:height\" content=\"1686\" \/>\n\t<meta property=\"og:image:type\" content=\"image\/png\" \/>\n<meta name=\"twitter:card\" content=\"summary_large_image\" \/>\n<meta name=\"twitter:label1\" content=\"Est. reading time\" \/>\n\t<meta name=\"twitter:data1\" content=\"1 minute\" \/>\n<script type=\"application\/ld+json\" class=\"yoast-schema-graph\">{\"@context\":\"https:\/\/schema.org\",\"@graph\":[{\"@type\":\"WebPage\",\"@id\":\"https:\/\/bockamp.com\/galerie-und-ausstellungsvertraege-sicherheit-fuer-kunstschaffende-und-galerien\/\",\"url\":\"https:\/\/bockamp.com\/galerie-und-ausstellungsvertraege-sicherheit-fuer-kunstschaffende-und-galerien\/\",\"name\":\"Galerie- und Ausstellungsvertr\u00e4ge \u2013 Sicherheit f\u00fcr Kunstschaffende und Galerien - Bockamp-at-law\",\"isPartOf\":{\"@id\":\"https:\/\/bockamp.com\/#website\"},\"primaryImageOfPage\":{\"@id\":\"https:\/\/bockamp.com\/galerie-und-ausstellungsvertraege-sicherheit-fuer-kunstschaffende-und-galerien\/#primaryimage\"},\"image\":{\"@id\":\"https:\/\/bockamp.com\/galerie-und-ausstellungsvertraege-sicherheit-fuer-kunstschaffende-und-galerien\/#primaryimage\"},\"thumbnailUrl\":\"https:\/\/bockamp.com\/wp-content\/uploads\/sites\/11\/2025\/09\/Bildschirmfoto-2025-09-05-um-08.06.38-726x1024.png\",\"datePublished\":\"2025-09-05T06:23:37+00:00\",\"dateModified\":\"2025-09-07T05:41:43+00:00\",\"breadcrumb\":{\"@id\":\"https:\/\/bockamp.com\/galerie-und-ausstellungsvertraege-sicherheit-fuer-kunstschaffende-und-galerien\/#breadcrumb\"},\"inLanguage\":\"en-US\",\"potentialAction\":[{\"@type\":\"ReadAction\",\"target\":[\"https:\/\/bockamp.com\/galerie-und-ausstellungsvertraege-sicherheit-fuer-kunstschaffende-und-galerien\/\"]}]},{\"@type\":\"ImageObject\",\"inLanguage\":\"en-US\",\"@id\":\"https:\/\/bockamp.com\/galerie-und-ausstellungsvertraege-sicherheit-fuer-kunstschaffende-und-galerien\/#primaryimage\",\"url\":\"https:\/\/bockamp.com\/wp-content\/uploads\/sites\/11\/2025\/09\/Bildschirmfoto-2025-09-05-um-08.06.38-726x1024.png\",\"contentUrl\":\"https:\/\/bockamp.com\/wp-content\/uploads\/sites\/11\/2025\/09\/Bildschirmfoto-2025-09-05-um-08.06.38-726x1024.png\"},{\"@type\":\"BreadcrumbList\",\"@id\":\"https:\/\/bockamp.com\/galerie-und-ausstellungsvertraege-sicherheit-fuer-kunstschaffende-und-galerien\/#breadcrumb\",\"itemListElement\":[{\"@type\":\"ListItem\",\"position\":1,\"name\":\"Home\",\"item\":\"https:\/\/bockamp.com\/\"},{\"@type\":\"ListItem\",\"position\":2,\"name\":\"Galerie- und Ausstellungsvertr\u00e4ge \u2013 Sicherheit f\u00fcr Kunstschaffende und Galerien\"}]},{\"@type\":\"WebSite\",\"@id\":\"https:\/\/bockamp.com\/#website\",\"url\":\"https:\/\/bockamp.com\/\",\"name\":\"Bockamp-at-law\",\"description\":\"\",\"publisher\":{\"@id\":\"https:\/\/bockamp.com\/#organization\"},\"potentialAction\":[{\"@type\":\"SearchAction\",\"target\":{\"@type\":\"EntryPoint\",\"urlTemplate\":\"https:\/\/bockamp.com\/?s={search_term_string}\"},\"query-input\":{\"@type\":\"PropertyValueSpecification\",\"valueRequired\":true,\"valueName\":\"search_term_string\"}}],\"inLanguage\":\"en-US\"},{\"@type\":\"Organization\",\"@id\":\"https:\/\/bockamp.com\/#organization\",\"name\":\"Bockamp-at-law\",\"url\":\"https:\/\/bockamp.com\/\",\"logo\":{\"@type\":\"ImageObject\",\"inLanguage\":\"en-US\",\"@id\":\"https:\/\/bockamp.com\/#\/schema\/logo\/image\/\",\"url\":\"https:\/\/bockamp.com\/wp-content\/uploads\/sites\/11\/2025\/03\/Guido_Bockamp_Logo.png\",\"contentUrl\":\"https:\/\/bockamp.com\/wp-content\/uploads\/sites\/11\/2025\/03\/Guido_Bockamp_Logo.png\",\"width\":361,\"height\":37,\"caption\":\"Bockamp-at-law\"},\"image\":{\"@id\":\"https:\/\/bockamp.com\/#\/schema\/logo\/image\/\"}}]}<\/script>\n<!-- \/ Yoast SEO plugin. -->","yoast_head_json":{"title":"Galerie- und Ausstellungsvertr\u00e4ge \u2013 Sicherheit f\u00fcr Kunstschaffende und Galerien - Bockamp-at-law","robots":{"index":"index","follow":"follow","max-snippet":"max-snippet:-1","max-image-preview":"max-image-preview:large","max-video-preview":"max-video-preview:-1"},"canonical":"https:\/\/bockamp.com\/en\/galerie-und-ausstellungsvertraege-sicherheit-fuer-kunstschaffende-und-galerien\/","og_locale":"en_US","og_type":"article","og_title":"Galerie- und Ausstellungsvertr\u00e4ge \u2013 Sicherheit f\u00fcr Kunstschaffende und Galerien - Bockamp-at-law","og_description":"Galerie- und Ausstellungsvertr\u00e4ge \u2013 Sicherheit f\u00fcr Kunstschaffende und Galerien Die Zusammenarbeit zwischen K\u00fcnstlern und Galerien lebt vom gegenseitigen Vertrauen: K\u00fcnstler erwarten eine professionelle Pr\u00e4sentation und Vermarktung ihrer Werke, Galerien investieren Zeit, R\u00e4ume und Geld in Ausstellungen, Werbung und Kundenkontakte. Damit beide Seiten langfristig erfolgreich zusammenarbeiten k\u00f6nnen, braucht es klare Vereinbarungen. Ein Galerievertrag oder Ausstellungsvertrag regelt [&hellip;]","og_url":"https:\/\/bockamp.com\/en\/galerie-und-ausstellungsvertraege-sicherheit-fuer-kunstschaffende-und-galerien\/","og_site_name":"Bockamp-at-law","article_modified_time":"2025-09-07T05:41:43+00:00","og_image":[{"width":1196,"height":1686,"url":"https:\/\/bockamp.com\/wp-content\/uploads\/sites\/11\/2025\/09\/Bildschirmfoto-2025-09-05-um-08.06.38.png","type":"image\/png"}],"twitter_card":"summary_large_image","twitter_misc":{"Est. reading time":"1 minute"},"schema":{"@context":"https:\/\/schema.org","@graph":[{"@type":"WebPage","@id":"https:\/\/bockamp.com\/galerie-und-ausstellungsvertraege-sicherheit-fuer-kunstschaffende-und-galerien\/","url":"https:\/\/bockamp.com\/galerie-und-ausstellungsvertraege-sicherheit-fuer-kunstschaffende-und-galerien\/","name":"Galerie- und Ausstellungsvertr\u00e4ge \u2013 Sicherheit f\u00fcr Kunstschaffende und Galerien - Bockamp-at-law","isPartOf":{"@id":"https:\/\/bockamp.com\/#website"},"primaryImageOfPage":{"@id":"https:\/\/bockamp.com\/galerie-und-ausstellungsvertraege-sicherheit-fuer-kunstschaffende-und-galerien\/#primaryimage"},"image":{"@id":"https:\/\/bockamp.com\/galerie-und-ausstellungsvertraege-sicherheit-fuer-kunstschaffende-und-galerien\/#primaryimage"},"thumbnailUrl":"https:\/\/bockamp.com\/wp-content\/uploads\/sites\/11\/2025\/09\/Bildschirmfoto-2025-09-05-um-08.06.38-726x1024.png","datePublished":"2025-09-05T06:23:37+00:00","dateModified":"2025-09-07T05:41:43+00:00","breadcrumb":{"@id":"https:\/\/bockamp.com\/galerie-und-ausstellungsvertraege-sicherheit-fuer-kunstschaffende-und-galerien\/#breadcrumb"},"inLanguage":"en-US","potentialAction":[{"@type":"ReadAction","target":["https:\/\/bockamp.com\/galerie-und-ausstellungsvertraege-sicherheit-fuer-kunstschaffende-und-galerien\/"]}]},{"@type":"ImageObject","inLanguage":"en-US","@id":"https:\/\/bockamp.com\/galerie-und-ausstellungsvertraege-sicherheit-fuer-kunstschaffende-und-galerien\/#primaryimage","url":"https:\/\/bockamp.com\/wp-content\/uploads\/sites\/11\/2025\/09\/Bildschirmfoto-2025-09-05-um-08.06.38-726x1024.png","contentUrl":"https:\/\/bockamp.com\/wp-content\/uploads\/sites\/11\/2025\/09\/Bildschirmfoto-2025-09-05-um-08.06.38-726x1024.png"},{"@type":"BreadcrumbList","@id":"https:\/\/bockamp.com\/galerie-und-ausstellungsvertraege-sicherheit-fuer-kunstschaffende-und-galerien\/#breadcrumb","itemListElement":[{"@type":"ListItem","position":1,"name":"Home","item":"https:\/\/bockamp.com\/"},{"@type":"ListItem","position":2,"name":"Galerie- und Ausstellungsvertr\u00e4ge \u2013 Sicherheit f\u00fcr Kunstschaffende und Galerien"}]},{"@type":"WebSite","@id":"https:\/\/bockamp.com\/#website","url":"https:\/\/bockamp.com\/","name":"Bockamp-at-law","description":"","publisher":{"@id":"https:\/\/bockamp.com\/#organization"},"potentialAction":[{"@type":"SearchAction","target":{"@type":"EntryPoint","urlTemplate":"https:\/\/bockamp.com\/?s={search_term_string}"},"query-input":{"@type":"PropertyValueSpecification","valueRequired":true,"valueName":"search_term_string"}}],"inLanguage":"en-US"},{"@type":"Organization","@id":"https:\/\/bockamp.com\/#organization","name":"Bockamp-at-law","url":"https:\/\/bockamp.com\/","logo":{"@type":"ImageObject","inLanguage":"en-US","@id":"https:\/\/bockamp.com\/#\/schema\/logo\/image\/","url":"https:\/\/bockamp.com\/wp-content\/uploads\/sites\/11\/2025\/03\/Guido_Bockamp_Logo.png","contentUrl":"https:\/\/bockamp.com\/wp-content\/uploads\/sites\/11\/2025\/03\/Guido_Bockamp_Logo.png","width":361,"height":37,"caption":"Bockamp-at-law"},"image":{"@id":"https:\/\/bockamp.com\/#\/schema\/logo\/image\/"}}]}},"_links":{"self":[{"href":"https:\/\/bockamp.com\/en\/wp-json\/wp\/v2\/pages\/294","targetHints":{"allow":["GET"]}}],"collection":[{"href":"https:\/\/bockamp.com\/en\/wp-json\/wp\/v2\/pages"}],"about":[{"href":"https:\/\/bockamp.com\/en\/wp-json\/wp\/v2\/types\/page"}],"author":[{"embeddable":true,"href":"https:\/\/bockamp.com\/en\/wp-json\/wp\/v2\/users\/1"}],"replies":[{"embeddable":true,"href":"https:\/\/bockamp.com\/en\/wp-json\/wp\/v2\/comments?post=294"}],"version-history":[{"count":4,"href":"https:\/\/bockamp.com\/en\/wp-json\/wp\/v2\/pages\/294\/revisions"}],"predecessor-version":[{"id":312,"href":"https:\/\/bockamp.com\/en\/wp-json\/wp\/v2\/pages\/294\/revisions\/312"}],"wp:attachment":[{"href":"https:\/\/bockamp.com\/en\/wp-json\/wp\/v2\/media?parent=294"}],"curies":[{"name":"wp","href":"https:\/\/api.w.org\/{rel}","templated":true}]}}