{"id":294,"date":"2025-09-05T06:23:37","date_gmt":"2025-09-05T06:23:37","guid":{"rendered":"https:\/\/bockamp.com\/?page_id=294"},"modified":"2025-09-07T05:41:43","modified_gmt":"2025-09-07T05:41:43","slug":"galerie-und-ausstellungsvertraege-sicherheit-fuer-kunstschaffende-und-galerien","status":"publish","type":"page","link":"https:\/\/bockamp.com\/fr\/galerie-und-ausstellungsvertraege-sicherheit-fuer-kunstschaffende-und-galerien\/","title":{"rendered":"Contrats de galerie et d'exposition - s\u00e9curit\u00e9 pour les cr\u00e9ateurs et les galeries d'art"},"content":{"rendered":"<div class=\"wp-block-group alignfull has-global-padding is-layout-constrained wp-block-group-is-layout-constrained\">\n<div class=\"wp-block-cover alignfull is-light has-parallax\" style=\"margin-top:0;min-height:529px;aspect-ratio:unset;\"><div class=\"wp-block-cover__image-background wp-image-306 size-full has-parallax\" style=\"background-position:50% 50%;background-image:url(https:\/\/bockamp.com\/wp-content\/uploads\/sites\/11\/2025\/09\/CAF2F17B-0951-42EF-8292-E52CA9315F5D_1_105_c.jpeg)\"><\/div><span aria-hidden=\"true\" class=\"wp-block-cover__background has-black-background-color has-background-dim-0 has-background-dim\"><\/span><div class=\"wp-block-cover__inner-container has-global-padding is-layout-constrained wp-block-cover-is-layout-constrained\">\n<div style=\"height:50px\" aria-hidden=\"true\" class=\"wp-block-spacer\"><\/div>\n<\/div><\/div>\n<\/div>\n\n\n\n<h1 class=\"wp-block-heading\">Contrats de galerie et d'exposition - s\u00e9curit\u00e9 pour les cr\u00e9ateurs et les galeries d'art<\/h1>\n\n\n\n<p>La collaboration entre les artistes et les galeries se nourrit de la confiance mutuelle : Les artistes attendent une pr\u00e9sentation et une commercialisation professionnelles de leurs \u0153uvres, les galeries investissent du temps, des espaces et de l'argent dans les expositions, la publicit\u00e9 et les contacts avec les clients. Pour que les deux parties puissent collaborer avec succ\u00e8s \u00e0 long terme, des accords clairs sont n\u00e9cessaires.<\/p>\n\n\n\n<p>Un contrat de galerie ou un contrat d'exposition r\u00e9git les droits et les obligations :<\/p>\n\n\n\n<ul class=\"wp-block-list\">\n<li><strong>Quelles \u0153uvres<\/strong>&nbsp;sont expos\u00e9es ou distribu\u00e9es ?<\/li>\n\n\n\n<li><strong>Quelles t\u00e2ches<\/strong>&nbsp;La galerie se charge-t-elle de tout - de l'exposition et du stockage aux catalogues et aux relations publiques ?<\/li>\n\n\n\n<li><strong>Comment la vente est-elle organis\u00e9e ?<\/strong>&nbsp;- sur la base d'une commission, avec des droits d'option ou en exclusivit\u00e9 ?<\/li>\n\n\n\n<li><strong>Quelle r\u00e9mun\u00e9ration<\/strong>&nbsp;\u00e0 l'artiste et quelle commission la galerie re\u00e7oit-elle ?<\/li>\n\n\n\n<li><strong>Quelles sont les r\u00e8gles en mati\u00e8re de droit d'auteur<\/strong>&nbsp;s'appliquent-elles, par exemple, aux reproductions ou aux repr\u00e9sentations en ligne ?<\/li>\n<\/ul>\n\n\n\n<p>Des contrats bien con\u00e7us cr\u00e9ent une s\u00e9curit\u00e9 juridique, \u00e9vitent les conflits et donnent aux deux parties la libert\u00e9 de se concentrer sur l'essentiel : l'art et sa transmission \u00e0 un public.<\/p>\n\n\n\n<h2 class=\"wp-block-heading\"><strong><em>Pour la pratique : <\/em>Mod\u00e8le de contrat et liste de contr\u00f4le comme aide \u00e0 l'orientation<\/strong><\/h2>\n\n\n\n<p>Pour aborder les questions de contenu d'une collaboration entre artistes et galeries <strong>tangible<\/strong> vous trouverez ci-dessous un mod\u00e8le de contrat de galerie. Il montre comment les points juridiques essentiels - de la r\u00e9mun\u00e9ration aux droits d'auteur en passant par la dur\u00e9e et l'exclusivit\u00e9 - peuvent \u00eatre am\u00e9nag\u00e9s dans un accord \u00e9crit.<\/p>\n\n\n\n<p>Puisque <strong>chaque cas particulier a des exigences sp\u00e9cifiques<\/strong> de l'entreprise, <strong>ce mod\u00e8le ne remplace pas un conseil individuel<\/strong>. <\/p>\n\n\n\n<p>Une liste de contr\u00f4le suppl\u00e9mentaire permet donc de pr\u00e9parer la conclusion d'un contrat dans la pratique. Elle aide \u00e0 passer syst\u00e9matiquement en revue les aspects pertinents et \u00e0 prendre les d\u00e9cisions n\u00e9cessaires pour le contrat concret.<\/p>\n\n\n\n<div class=\"wp-block-columns is-layout-flex wp-container-core-columns-is-layout-28f84493 wp-block-columns-is-layout-flex\">\n<div class=\"wp-block-column is-layout-flow wp-block-column-is-layout-flow\">\n<h3 class=\"wp-block-heading\">Mod\u00e8le de contrat <\/h3>\n\n\n\n<figure class=\"wp-block-image size-large\"><img loading=\"lazy\" decoding=\"async\" width=\"726\" height=\"1024\" src=\"https:\/\/bockamp.com\/wp-content\/uploads\/sites\/11\/2025\/09\/Bildschirmfoto-2025-09-05-um-08.06.38-726x1024.png\" alt=\"\" class=\"wp-image-298\" srcset=\"https:\/\/bockamp.com\/wp-content\/uploads\/sites\/11\/2025\/09\/Bildschirmfoto-2025-09-05-um-08.06.38-726x1024.png 726w, https:\/\/bockamp.com\/wp-content\/uploads\/sites\/11\/2025\/09\/Bildschirmfoto-2025-09-05-um-08.06.38-213x300.png 213w, https:\/\/bockamp.com\/wp-content\/uploads\/sites\/11\/2025\/09\/Bildschirmfoto-2025-09-05-um-08.06.38-768x1083.png 768w, https:\/\/bockamp.com\/wp-content\/uploads\/sites\/11\/2025\/09\/Bildschirmfoto-2025-09-05-um-08.06.38-1090x1536.png 1090w, https:\/\/bockamp.com\/wp-content\/uploads\/sites\/11\/2025\/09\/Bildschirmfoto-2025-09-05-um-08.06.38-9x12.png 9w, https:\/\/bockamp.com\/wp-content\/uploads\/sites\/11\/2025\/09\/Bildschirmfoto-2025-09-05-um-08.06.38.png 1196w\" sizes=\"auto, (max-width: 726px) 100vw, 726px\" \/><\/figure>\n\n\n\n<div class=\"wp-block-buttons is-content-justification-center is-layout-flex wp-container-core-buttons-is-layout-a89b3969 wp-block-buttons-is-layout-flex\">\n<div class=\"wp-block-button has-custom-width wp-block-button__width-100\"><a class=\"wp-block-button__link has-small-font-size has-custom-font-size wp-element-button\" href=\"https:\/\/bockamp.com\/wp-content\/uploads\/sites\/11\/2025\/09\/Muster-Galerievertrag.odt\">Mod\u00e8le de contrat en .odt<\/a><\/div>\n<\/div>\n\n\n\n<div class=\"wp-block-buttons is-content-justification-center is-layout-flex wp-container-core-buttons-is-layout-a89b3969 wp-block-buttons-is-layout-flex\">\n<div class=\"wp-block-button has-custom-width wp-block-button__width-100\"><a class=\"wp-block-button__link has-small-font-size has-custom-font-size wp-element-button\" href=\"https:\/\/bockamp.com\/wp-content\/uploads\/sites\/11\/2025\/09\/Muster-Galerievertrag.docx\">Mod\u00e8le de contrat au format .DOCX<\/a><\/div>\n<\/div>\n<\/div>\n\n\n\n<div class=\"wp-block-column is-layout-flow wp-block-column-is-layout-flow\">\n<h3 class=\"wp-block-heading\">Liste de contr\u00f4le<\/h3>\n\n\n\n<figure class=\"wp-block-image size-large\"><img loading=\"lazy\" decoding=\"async\" width=\"724\" height=\"1024\" src=\"https:\/\/bockamp.com\/wp-content\/uploads\/sites\/11\/2025\/09\/Bildschirmfoto-2025-09-05-um-08.08.37-724x1024.png\" alt=\"\" class=\"wp-image-299\" srcset=\"https:\/\/bockamp.com\/wp-content\/uploads\/sites\/11\/2025\/09\/Bildschirmfoto-2025-09-05-um-08.08.37-724x1024.png 724w, https:\/\/bockamp.com\/wp-content\/uploads\/sites\/11\/2025\/09\/Bildschirmfoto-2025-09-05-um-08.08.37-212x300.png 212w, https:\/\/bockamp.com\/wp-content\/uploads\/sites\/11\/2025\/09\/Bildschirmfoto-2025-09-05-um-08.08.37-768x1086.png 768w, https:\/\/bockamp.com\/wp-content\/uploads\/sites\/11\/2025\/09\/Bildschirmfoto-2025-09-05-um-08.08.37-1086x1536.png 1086w, https:\/\/bockamp.com\/wp-content\/uploads\/sites\/11\/2025\/09\/Bildschirmfoto-2025-09-05-um-08.08.37-8x12.png 8w, https:\/\/bockamp.com\/wp-content\/uploads\/sites\/11\/2025\/09\/Bildschirmfoto-2025-09-05-um-08.08.37.png 1194w\" sizes=\"auto, (max-width: 724px) 100vw, 724px\" \/><\/figure>\n\n\n\n<div class=\"wp-block-buttons is-content-justification-center is-layout-flex wp-container-core-buttons-is-layout-a89b3969 wp-block-buttons-is-layout-flex\">\n<div class=\"wp-block-button has-custom-width wp-block-button__width-100 is-style-fill\"><a class=\"wp-block-button__link has-small-font-size has-custom-font-size wp-element-button\" href=\"https:\/\/bockamp.com\/wp-content\/uploads\/sites\/11\/2025\/09\/Checkliste-Galerievertrag.pdf\">T\u00e9l\u00e9chargement au format .PDF<\/a><\/div>\n<\/div>\n<\/div>\n<\/div>\n\n\n\n<p><\/p>","protected":false},"excerpt":{"rendered":"<p>Galerie- und Ausstellungsvertr\u00e4ge \u2013 Sicherheit f\u00fcr Kunstschaffende und Galerien Die Zusammenarbeit zwischen K\u00fcnstlern und Galerien lebt vom gegenseitigen Vertrauen: K\u00fcnstler erwarten eine professionelle Pr\u00e4sentation und Vermarktung ihrer Werke, Galerien investieren Zeit, R\u00e4ume und Geld in Ausstellungen, Werbung und Kundenkontakte. Damit beide Seiten langfristig erfolgreich zusammenarbeiten k\u00f6nnen, braucht es klare Vereinbarungen. Ein Galerievertrag oder Ausstellungsvertrag regelt [&hellip;]<\/p>\n","protected":false},"author":1,"featured_media":0,"parent":0,"menu_order":0,"comment_status":"closed","ping_status":"closed","template":"","meta":{"footnotes":""},"class_list":["post-294","page","type-page","status-publish","hentry"],"yoast_head":"<!-- This site is optimized with the Yoast SEO plugin v26.2 - https:\/\/yoast.com\/wordpress\/plugins\/seo\/ -->\n<title>Galerie- und Ausstellungsvertr\u00e4ge \u2013 Sicherheit f\u00fcr Kunstschaffende und Galerien - Bockamp-at-law<\/title>\n<meta name=\"robots\" content=\"index, follow, max-snippet:-1, max-image-preview:large, max-video-preview:-1\" \/>\n<link rel=\"canonical\" href=\"https:\/\/bockamp.com\/fr\/galerie-und-ausstellungsvertraege-sicherheit-fuer-kunstschaffende-und-galerien\/\" \/>\n<meta property=\"og:locale\" content=\"fr_FR\" \/>\n<meta property=\"og:type\" content=\"article\" \/>\n<meta property=\"og:title\" content=\"Galerie- und Ausstellungsvertr\u00e4ge \u2013 Sicherheit f\u00fcr Kunstschaffende und Galerien - Bockamp-at-law\" \/>\n<meta property=\"og:description\" content=\"Galerie- und Ausstellungsvertr\u00e4ge \u2013 Sicherheit f\u00fcr Kunstschaffende und Galerien Die Zusammenarbeit zwischen K\u00fcnstlern und Galerien lebt vom gegenseitigen Vertrauen: K\u00fcnstler erwarten eine professionelle Pr\u00e4sentation und Vermarktung ihrer Werke, Galerien investieren Zeit, R\u00e4ume und Geld in Ausstellungen, Werbung und Kundenkontakte. Damit beide Seiten langfristig erfolgreich zusammenarbeiten k\u00f6nnen, braucht es klare Vereinbarungen. Ein Galerievertrag oder Ausstellungsvertrag regelt [&hellip;]\" \/>\n<meta property=\"og:url\" content=\"https:\/\/bockamp.com\/fr\/galerie-und-ausstellungsvertraege-sicherheit-fuer-kunstschaffende-und-galerien\/\" \/>\n<meta property=\"og:site_name\" content=\"Bockamp-at-law\" \/>\n<meta property=\"article:modified_time\" content=\"2025-09-07T05:41:43+00:00\" \/>\n<meta property=\"og:image\" content=\"https:\/\/bockamp.com\/wp-content\/uploads\/sites\/11\/2025\/09\/Bildschirmfoto-2025-09-05-um-08.06.38.png\" \/>\n\t<meta property=\"og:image:width\" content=\"1196\" \/>\n\t<meta property=\"og:image:height\" content=\"1686\" \/>\n\t<meta property=\"og:image:type\" content=\"image\/png\" \/>\n<meta name=\"twitter:card\" content=\"summary_large_image\" \/>\n<meta name=\"twitter:label1\" content=\"Dur\u00e9e de lecture estim\u00e9e\" \/>\n\t<meta name=\"twitter:data1\" content=\"1 minute\" \/>\n<script type=\"application\/ld+json\" class=\"yoast-schema-graph\">{\"@context\":\"https:\/\/schema.org\",\"@graph\":[{\"@type\":\"WebPage\",\"@id\":\"https:\/\/bockamp.com\/galerie-und-ausstellungsvertraege-sicherheit-fuer-kunstschaffende-und-galerien\/\",\"url\":\"https:\/\/bockamp.com\/galerie-und-ausstellungsvertraege-sicherheit-fuer-kunstschaffende-und-galerien\/\",\"name\":\"Galerie- und Ausstellungsvertr\u00e4ge \u2013 Sicherheit f\u00fcr Kunstschaffende und Galerien - Bockamp-at-law\",\"isPartOf\":{\"@id\":\"https:\/\/bockamp.com\/#website\"},\"primaryImageOfPage\":{\"@id\":\"https:\/\/bockamp.com\/galerie-und-ausstellungsvertraege-sicherheit-fuer-kunstschaffende-und-galerien\/#primaryimage\"},\"image\":{\"@id\":\"https:\/\/bockamp.com\/galerie-und-ausstellungsvertraege-sicherheit-fuer-kunstschaffende-und-galerien\/#primaryimage\"},\"thumbnailUrl\":\"https:\/\/bockamp.com\/wp-content\/uploads\/sites\/11\/2025\/09\/Bildschirmfoto-2025-09-05-um-08.06.38-726x1024.png\",\"datePublished\":\"2025-09-05T06:23:37+00:00\",\"dateModified\":\"2025-09-07T05:41:43+00:00\",\"breadcrumb\":{\"@id\":\"https:\/\/bockamp.com\/galerie-und-ausstellungsvertraege-sicherheit-fuer-kunstschaffende-und-galerien\/#breadcrumb\"},\"inLanguage\":\"fr-FR\",\"potentialAction\":[{\"@type\":\"ReadAction\",\"target\":[\"https:\/\/bockamp.com\/galerie-und-ausstellungsvertraege-sicherheit-fuer-kunstschaffende-und-galerien\/\"]}]},{\"@type\":\"ImageObject\",\"inLanguage\":\"fr-FR\",\"@id\":\"https:\/\/bockamp.com\/galerie-und-ausstellungsvertraege-sicherheit-fuer-kunstschaffende-und-galerien\/#primaryimage\",\"url\":\"https:\/\/bockamp.com\/wp-content\/uploads\/sites\/11\/2025\/09\/Bildschirmfoto-2025-09-05-um-08.06.38-726x1024.png\",\"contentUrl\":\"https:\/\/bockamp.com\/wp-content\/uploads\/sites\/11\/2025\/09\/Bildschirmfoto-2025-09-05-um-08.06.38-726x1024.png\"},{\"@type\":\"BreadcrumbList\",\"@id\":\"https:\/\/bockamp.com\/galerie-und-ausstellungsvertraege-sicherheit-fuer-kunstschaffende-und-galerien\/#breadcrumb\",\"itemListElement\":[{\"@type\":\"ListItem\",\"position\":1,\"name\":\"Home\",\"item\":\"https:\/\/bockamp.com\/\"},{\"@type\":\"ListItem\",\"position\":2,\"name\":\"Galerie- und Ausstellungsvertr\u00e4ge \u2013 Sicherheit f\u00fcr Kunstschaffende und Galerien\"}]},{\"@type\":\"WebSite\",\"@id\":\"https:\/\/bockamp.com\/#website\",\"url\":\"https:\/\/bockamp.com\/\",\"name\":\"Bockamp-at-law\",\"description\":\"\",\"publisher\":{\"@id\":\"https:\/\/bockamp.com\/#organization\"},\"potentialAction\":[{\"@type\":\"SearchAction\",\"target\":{\"@type\":\"EntryPoint\",\"urlTemplate\":\"https:\/\/bockamp.com\/?s={search_term_string}\"},\"query-input\":{\"@type\":\"PropertyValueSpecification\",\"valueRequired\":true,\"valueName\":\"search_term_string\"}}],\"inLanguage\":\"fr-FR\"},{\"@type\":\"Organization\",\"@id\":\"https:\/\/bockamp.com\/#organization\",\"name\":\"Bockamp-at-law\",\"url\":\"https:\/\/bockamp.com\/\",\"logo\":{\"@type\":\"ImageObject\",\"inLanguage\":\"fr-FR\",\"@id\":\"https:\/\/bockamp.com\/#\/schema\/logo\/image\/\",\"url\":\"https:\/\/bockamp.com\/wp-content\/uploads\/sites\/11\/2025\/03\/Guido_Bockamp_Logo.png\",\"contentUrl\":\"https:\/\/bockamp.com\/wp-content\/uploads\/sites\/11\/2025\/03\/Guido_Bockamp_Logo.png\",\"width\":361,\"height\":37,\"caption\":\"Bockamp-at-law\"},\"image\":{\"@id\":\"https:\/\/bockamp.com\/#\/schema\/logo\/image\/\"}}]}<\/script>\n<!-- \/ Yoast SEO plugin. -->","yoast_head_json":{"title":"Galerie- und Ausstellungsvertr\u00e4ge \u2013 Sicherheit f\u00fcr Kunstschaffende und Galerien - Bockamp-at-law","robots":{"index":"index","follow":"follow","max-snippet":"max-snippet:-1","max-image-preview":"max-image-preview:large","max-video-preview":"max-video-preview:-1"},"canonical":"https:\/\/bockamp.com\/fr\/galerie-und-ausstellungsvertraege-sicherheit-fuer-kunstschaffende-und-galerien\/","og_locale":"fr_FR","og_type":"article","og_title":"Galerie- und Ausstellungsvertr\u00e4ge \u2013 Sicherheit f\u00fcr Kunstschaffende und Galerien - Bockamp-at-law","og_description":"Galerie- und Ausstellungsvertr\u00e4ge \u2013 Sicherheit f\u00fcr Kunstschaffende und Galerien Die Zusammenarbeit zwischen K\u00fcnstlern und Galerien lebt vom gegenseitigen Vertrauen: K\u00fcnstler erwarten eine professionelle Pr\u00e4sentation und Vermarktung ihrer Werke, Galerien investieren Zeit, R\u00e4ume und Geld in Ausstellungen, Werbung und Kundenkontakte. Damit beide Seiten langfristig erfolgreich zusammenarbeiten k\u00f6nnen, braucht es klare Vereinbarungen. Ein Galerievertrag oder Ausstellungsvertrag regelt [&hellip;]","og_url":"https:\/\/bockamp.com\/fr\/galerie-und-ausstellungsvertraege-sicherheit-fuer-kunstschaffende-und-galerien\/","og_site_name":"Bockamp-at-law","article_modified_time":"2025-09-07T05:41:43+00:00","og_image":[{"width":1196,"height":1686,"url":"https:\/\/bockamp.com\/wp-content\/uploads\/sites\/11\/2025\/09\/Bildschirmfoto-2025-09-05-um-08.06.38.png","type":"image\/png"}],"twitter_card":"summary_large_image","twitter_misc":{"Dur\u00e9e de lecture estim\u00e9e":"1 minute"},"schema":{"@context":"https:\/\/schema.org","@graph":[{"@type":"WebPage","@id":"https:\/\/bockamp.com\/galerie-und-ausstellungsvertraege-sicherheit-fuer-kunstschaffende-und-galerien\/","url":"https:\/\/bockamp.com\/galerie-und-ausstellungsvertraege-sicherheit-fuer-kunstschaffende-und-galerien\/","name":"Galerie- und Ausstellungsvertr\u00e4ge \u2013 Sicherheit f\u00fcr Kunstschaffende und Galerien - Bockamp-at-law","isPartOf":{"@id":"https:\/\/bockamp.com\/#website"},"primaryImageOfPage":{"@id":"https:\/\/bockamp.com\/galerie-und-ausstellungsvertraege-sicherheit-fuer-kunstschaffende-und-galerien\/#primaryimage"},"image":{"@id":"https:\/\/bockamp.com\/galerie-und-ausstellungsvertraege-sicherheit-fuer-kunstschaffende-und-galerien\/#primaryimage"},"thumbnailUrl":"https:\/\/bockamp.com\/wp-content\/uploads\/sites\/11\/2025\/09\/Bildschirmfoto-2025-09-05-um-08.06.38-726x1024.png","datePublished":"2025-09-05T06:23:37+00:00","dateModified":"2025-09-07T05:41:43+00:00","breadcrumb":{"@id":"https:\/\/bockamp.com\/galerie-und-ausstellungsvertraege-sicherheit-fuer-kunstschaffende-und-galerien\/#breadcrumb"},"inLanguage":"fr-FR","potentialAction":[{"@type":"ReadAction","target":["https:\/\/bockamp.com\/galerie-und-ausstellungsvertraege-sicherheit-fuer-kunstschaffende-und-galerien\/"]}]},{"@type":"ImageObject","inLanguage":"fr-FR","@id":"https:\/\/bockamp.com\/galerie-und-ausstellungsvertraege-sicherheit-fuer-kunstschaffende-und-galerien\/#primaryimage","url":"https:\/\/bockamp.com\/wp-content\/uploads\/sites\/11\/2025\/09\/Bildschirmfoto-2025-09-05-um-08.06.38-726x1024.png","contentUrl":"https:\/\/bockamp.com\/wp-content\/uploads\/sites\/11\/2025\/09\/Bildschirmfoto-2025-09-05-um-08.06.38-726x1024.png"},{"@type":"BreadcrumbList","@id":"https:\/\/bockamp.com\/galerie-und-ausstellungsvertraege-sicherheit-fuer-kunstschaffende-und-galerien\/#breadcrumb","itemListElement":[{"@type":"ListItem","position":1,"name":"Home","item":"https:\/\/bockamp.com\/"},{"@type":"ListItem","position":2,"name":"Galerie- und Ausstellungsvertr\u00e4ge \u2013 Sicherheit f\u00fcr Kunstschaffende und Galerien"}]},{"@type":"WebSite","@id":"https:\/\/bockamp.com\/#website","url":"https:\/\/bockamp.com\/","name":"Bockamp-at-law","description":"","publisher":{"@id":"https:\/\/bockamp.com\/#organization"},"potentialAction":[{"@type":"SearchAction","target":{"@type":"EntryPoint","urlTemplate":"https:\/\/bockamp.com\/?s={search_term_string}"},"query-input":{"@type":"PropertyValueSpecification","valueRequired":true,"valueName":"search_term_string"}}],"inLanguage":"fr-FR"},{"@type":"Organization","@id":"https:\/\/bockamp.com\/#organization","name":"Bockamp-at-law","url":"https:\/\/bockamp.com\/","logo":{"@type":"ImageObject","inLanguage":"fr-FR","@id":"https:\/\/bockamp.com\/#\/schema\/logo\/image\/","url":"https:\/\/bockamp.com\/wp-content\/uploads\/sites\/11\/2025\/03\/Guido_Bockamp_Logo.png","contentUrl":"https:\/\/bockamp.com\/wp-content\/uploads\/sites\/11\/2025\/03\/Guido_Bockamp_Logo.png","width":361,"height":37,"caption":"Bockamp-at-law"},"image":{"@id":"https:\/\/bockamp.com\/#\/schema\/logo\/image\/"}}]}},"_links":{"self":[{"href":"https:\/\/bockamp.com\/fr\/wp-json\/wp\/v2\/pages\/294","targetHints":{"allow":["GET"]}}],"collection":[{"href":"https:\/\/bockamp.com\/fr\/wp-json\/wp\/v2\/pages"}],"about":[{"href":"https:\/\/bockamp.com\/fr\/wp-json\/wp\/v2\/types\/page"}],"author":[{"embeddable":true,"href":"https:\/\/bockamp.com\/fr\/wp-json\/wp\/v2\/users\/1"}],"replies":[{"embeddable":true,"href":"https:\/\/bockamp.com\/fr\/wp-json\/wp\/v2\/comments?post=294"}],"version-history":[{"count":4,"href":"https:\/\/bockamp.com\/fr\/wp-json\/wp\/v2\/pages\/294\/revisions"}],"predecessor-version":[{"id":312,"href":"https:\/\/bockamp.com\/fr\/wp-json\/wp\/v2\/pages\/294\/revisions\/312"}],"wp:attachment":[{"href":"https:\/\/bockamp.com\/fr\/wp-json\/wp\/v2\/media?parent=294"}],"curies":[{"name":"wp","href":"https:\/\/api.w.org\/{rel}","templated":true}]}}